{"id":7597,"date":"2020-11-18T17:04:41","date_gmt":"2020-11-18T16:04:41","guid":{"rendered":"https:\/\/ricchezzeumane.it\/il-maggiordomo-lostetrica-e-il-samurai\/"},"modified":"2020-11-18T17:09:24","modified_gmt":"2020-11-18T16:09:24","slug":"il-maggiordomo-lostetrica-e-il-samurai","status":"publish","type":"page","link":"https:\/\/stage.ricchezzeumane.it\/en\/il-maggiordomo-lostetrica-e-il-samurai\/","title":{"rendered":"Il maggiordomo, l&#8217;ostetrica e il samurai"},"content":{"rendered":"<p>[et_pb_section fb_built=&#8221;1&#8243; fullwidth=&#8221;on&#8221; _builder_version=&#8221;3.22&#8243;][et_pb_fullwidth_slider _builder_version=&#8221;4.6.6&#8243; hover_enabled=&#8221;0&#8243; sticky_enabled=&#8221;0&#8243;][et_pb_slide heading=&#8221;Publications&#8221; _builder_version=&#8221;4.6.6&#8243; background_image=&#8221;https:\/\/ricchezzeumane.it\/wp-content\/uploads\/2020\/11\/Fotolia_177694508_M_1-big-scaled.jpg&#8221; background_enable_image=&#8221;on&#8221; hover_enabled=&#8221;0&#8243; sticky_transition=&#8221;on&#8221; sticky_enabled=&#8221;0&#8243; alt=&#8221;Il maggiordomo&#8221; title_text=&#8221;Businessman facing difficult choice dilemma&#8221;][\/et_pb_slide][\/et_pb_fullwidth_slider][\/et_pb_section][et_pb_section fb_built=&#8221;1&#8243; _builder_version=&#8221;3.22&#8243;][et_pb_row _builder_version=&#8221;3.25&#8243;][et_pb_column type=&#8221;4_4&#8243; _builder_version=&#8221;3.25&#8243; custom_padding=&#8221;|||&#8221; custom_padding__hover=&#8221;|||&#8221;][et_pb_text _builder_version=&#8221;4.6.6&#8243; hover_enabled=&#8221;0&#8243; sticky_enabled=&#8221;0&#8243;]<\/p>\n<h3><strong>Il Maggiordomo, l&#8217;Ostetrica e il Samurai<\/strong><\/h3>\n<p>Storia di un manager e del suo destino al lavoro[\/et_pb_text][et_pb_text _builder_version=&#8221;4.6.6&#8243;]<\/p>\n<p>&nbsp;<\/p>\n<p>&nbsp;<\/p>\n<p>[\/et_pb_text][\/et_pb_column][\/et_pb_row][et_pb_row _builder_version=&#8221;4.6.6&#8243; _module_preset=&#8221;default&#8221; column_structure=&#8221;1_4,1_2,1_4&#8243; hover_enabled=&#8221;0&#8243; sticky_enabled=&#8221;0&#8243;][et_pb_column _builder_version=&#8221;4.6.6&#8243; _module_preset=&#8221;default&#8221; type=&#8221;1_4&#8243;][et_pb_image src=&#8221;https:\/\/ricchezzeumane.it\/wp-content\/uploads\/2020\/11\/cover-Corrado-Docente-copia-scaled.jpg&#8221; _builder_version=&#8221;4.6.6&#8243; _module_preset=&#8221;default&#8221; hover_enabled=&#8221;0&#8243; sticky_enabled=&#8221;0&#8243; alt=&#8221;cover il maggiordomo&#8221; title_text=&#8221;cover Corrado Docente copia&#8221;][\/et_pb_image][\/et_pb_column][et_pb_column _builder_version=&#8221;4.6.6&#8243; _module_preset=&#8221;default&#8221; type=&#8221;1_2&#8243; hover_enabled=&#8221;0&#8243; sticky_enabled=&#8221;0&#8243;][et_pb_text _builder_version=&#8221;4.6.6&#8243; _module_preset=&#8221;default&#8221; hover_enabled=&#8221;0&#8243; sticky_enabled=&#8221;0&#8243;]<\/p>\n<p>Nella prima parte del libro, Ruggero \u00e8 l&#8217;amministratore delegato di una societ\u00e0, un manager di successo all&#8217;apice della sua carriera. L&#8217;incontro con un cancro e con un coach gli ribalter\u00e0 come un calzino l&#8217;intera esistenza; il destino gioca spesso un ruolo fondamentale nelle vite.<\/p>\n<p>Nella seconda parte del libro siamo accompagnati a una migliore comprensione dello scopo evolutivo della vita e del ruolo che il destino gioca in essa, sempre a beneficio dell&#8217;individuo, e alla comprensione di alcune delle leggi spirituali che guidano l&#8217;evoluzione dell&#8217;essere umano. La visione del mondo del lavoro che ne risulta \u00e8 sorprendente, ben pi\u00f9 ricca di ci\u00f2 che comunemente si immagina, una vera palestra evolutiva piena di occasioni in linea col proprio piano di sviluppo individuale.<\/p>\n<p>Le organizzazioni rappresentano oggi i moderni templi dei misteri nei quali le nostre iniziazioni possono avvenire, senza tuniche e barbe bianche, ma con valigetta e computer. Una nuova chiave di lettura del business pi\u00f9 ampia, luminosa e positiva, che ci lascia intravedere i prodromi di un futuro imminente.<\/p>\n<p>[\/et_pb_text][\/et_pb_column][et_pb_column _builder_version=&#8221;4.6.6&#8243; _module_preset=&#8221;default&#8221; type=&#8221;1_4&#8243; hover_enabled=&#8221;0&#8243; sticky_enabled=&#8221;0&#8243;][et_pb_text _builder_version=&#8221;4.6.6&#8243; _module_preset=&#8221;default&#8221; hover_enabled=&#8221;0&#8243; sticky_enabled=&#8221;0&#8243;]<\/p>\n<p>Disponibile su:<\/p>\n<ul>\n<li><a href=\"https:\/\/www.amazon.it\/Maggiordomo-lOstetrica-Samurai-Corrado-Docente\/dp\/8892371460\" target=\"_blank\" rel=\"noopener noreferrer\">Amazon<\/a><\/li>\n<li><a href=\"https:\/\/www.ibs.it\/maggiordomo-ostetrica-samurai-storia-di-libro-corrado-docente\/e\/9788892371460?lgw_code=1122-B9788892371460&amp;gclid=Cj0KCQiAqdP9BRDVARIsAGSZ8Am3GbrS-Z6_xQhrrm7cVlFDCItcPcCI23E3RVp9hXG3wZJdQSajQOoaAm_MEALw_wcB\" target=\"_blank\" rel=\"noopener noreferrer\">IBS<\/a><\/li>\n<li><a href=\"https:\/\/www.lafeltrinelli.it\/libri\/corrado-docente\/maggiordomo-l-ostetrica-e-samurai\/9788892371460?awaid=9507&amp;gclid=Cj0KCQiAqdP9BRDVARIsAGSZ8AlJzcb1TSgEQF9LH1No7tXNqHXxgpuqs-HOqhg1MT3raZDW-Mup5ssaAtPoEALw_wcB&amp;awc=9507_1605715137_f6ededaed3b63914a4f9749971f53e03\">Feltrinelli<\/a><\/li>\n<\/ul>\n<p>[\/et_pb_text][\/et_pb_column][\/et_pb_row][\/et_pb_section]<\/p>\n","protected":false},"excerpt":{"rendered":"<p>Il Maggiordomo, l&#8217;Ostetrica e il Samurai Storia di un manager e del suo destino al lavoro&nbsp; &nbsp;Nella prima parte del libro, Ruggero \u00e8 l&#8217;amministratore delegato di una societ\u00e0, un manager di successo all&#8217;apice della sua carriera. L&#8217;incontro con un cancro e con un coach gli ribalter\u00e0 come un calzino l&#8217;intera esistenza; il destino gioca spesso [&hellip;]<\/p>\n","protected":false},"author":5,"featured_media":0,"parent":0,"menu_order":0,"comment_status":"closed","ping_status":"closed","template":"","meta":{"_et_pb_use_builder":"on","_et_pb_old_content":"","_et_gb_content_width":"","footnotes":""},"class_list":["post-7597","page","type-page","status-publish","hentry"],"yoast_head":"<!-- This site is optimized with the Yoast SEO plugin v24.3 - https:\/\/yoast.com\/wordpress\/plugins\/seo\/ -->\n<title>Il maggiordomo, l&#039;ostetrica e il samurai &#8226; Ricchezze Umane<\/title>\n<meta name=\"robots\" content=\"index, follow, max-snippet:-1, max-image-preview:large, max-video-preview:-1\" \/>\n<link rel=\"canonical\" href=\"https:\/\/stage.ricchezzeumane.it\/en\/il-maggiordomo-lostetrica-e-il-samurai\/\" \/>\n<meta property=\"og:locale\" content=\"en_US\" \/>\n<meta property=\"og:type\" content=\"article\" \/>\n<meta property=\"og:title\" content=\"Il maggiordomo, l&#039;ostetrica e il samurai &#8226; Ricchezze Umane\" \/>\n<meta property=\"og:description\" content=\"Il Maggiordomo, l&#039;Ostetrica e il Samurai Storia di un manager e del suo destino al lavoro&nbsp; &nbsp;Nella prima parte del libro, Ruggero \u00e8 l&#039;amministratore delegato di una societ\u00e0, un manager di successo all&#039;apice della sua carriera. L&#039;incontro con un cancro e con un coach gli ribalter\u00e0 come un calzino l&#039;intera esistenza; il destino gioca spesso [&hellip;]\" \/>\n<meta property=\"og:url\" content=\"https:\/\/stage.ricchezzeumane.it\/en\/il-maggiordomo-lostetrica-e-il-samurai\/\" \/>\n<meta property=\"og:site_name\" content=\"Ricchezze Umane\" \/>\n<meta property=\"article:modified_time\" content=\"2020-11-18T16:09:24+00:00\" \/>\n<meta property=\"og:image\" content=\"https:\/\/stage.ricchezzeumane.it\/wp-content\/uploads\/2019\/06\/3-Talento-e-Compito-Evolutivo.jpg\" \/>\n\t<meta property=\"og:image:width\" content=\"778\" \/>\n\t<meta property=\"og:image:height\" content=\"520\" \/>\n\t<meta property=\"og:image:type\" content=\"image\/jpeg\" \/>\n<meta name=\"twitter:card\" content=\"summary_large_image\" \/>\n<meta name=\"twitter:label1\" content=\"Est. reading time\" \/>\n\t<meta name=\"twitter:data1\" content=\"2 minutes\" \/>\n<script type=\"application\/ld+json\" class=\"yoast-schema-graph\">{\"@context\":\"https:\/\/schema.org\",\"@graph\":[{\"@type\":\"WebPage\",\"@id\":\"https:\/\/stage.ricchezzeumane.it\/en\/il-maggiordomo-lostetrica-e-il-samurai\/\",\"url\":\"https:\/\/stage.ricchezzeumane.it\/en\/il-maggiordomo-lostetrica-e-il-samurai\/\",\"name\":\"Il maggiordomo, l'ostetrica e il samurai &#8226; Ricchezze Umane\",\"isPartOf\":{\"@id\":\"https:\/\/stage.ricchezzeumane.it\/#website\"},\"datePublished\":\"2020-11-18T16:04:41+00:00\",\"dateModified\":\"2020-11-18T16:09:24+00:00\",\"breadcrumb\":{\"@id\":\"https:\/\/stage.ricchezzeumane.it\/en\/il-maggiordomo-lostetrica-e-il-samurai\/#breadcrumb\"},\"inLanguage\":\"en-US\",\"potentialAction\":[{\"@type\":\"ReadAction\",\"target\":[\"https:\/\/stage.ricchezzeumane.it\/en\/il-maggiordomo-lostetrica-e-il-samurai\/\"]}]},{\"@type\":\"BreadcrumbList\",\"@id\":\"https:\/\/stage.ricchezzeumane.it\/en\/il-maggiordomo-lostetrica-e-il-samurai\/#breadcrumb\",\"itemListElement\":[{\"@type\":\"ListItem\",\"position\":1,\"name\":\"Home\",\"item\":\"https:\/\/stage.ricchezzeumane.it\/en\/home\/\"},{\"@type\":\"ListItem\",\"position\":2,\"name\":\"Il maggiordomo, l&#8217;ostetrica e il samurai\"}]},{\"@type\":\"WebSite\",\"@id\":\"https:\/\/stage.ricchezzeumane.it\/#website\",\"url\":\"https:\/\/stage.ricchezzeumane.it\/\",\"name\":\"Ricchezze Umane\",\"description\":\"Facilitatori del cambiamento\",\"publisher\":{\"@id\":\"https:\/\/stage.ricchezzeumane.it\/#organization\"},\"potentialAction\":[{\"@type\":\"SearchAction\",\"target\":{\"@type\":\"EntryPoint\",\"urlTemplate\":\"https:\/\/stage.ricchezzeumane.it\/?s={search_term_string}\"},\"query-input\":{\"@type\":\"PropertyValueSpecification\",\"valueRequired\":true,\"valueName\":\"search_term_string\"}}],\"inLanguage\":\"en-US\"},{\"@type\":\"Organization\",\"@id\":\"https:\/\/stage.ricchezzeumane.it\/#organization\",\"name\":\"Ricchezze Umane - Corrado Docente & Co. S.a.s.\",\"url\":\"https:\/\/stage.ricchezzeumane.it\/\",\"logo\":{\"@type\":\"ImageObject\",\"inLanguage\":\"en-US\",\"@id\":\"https:\/\/stage.ricchezzeumane.it\/#\/schema\/logo\/image\/\",\"url\":\"https:\/\/stage.ricchezzeumane.it\/wp-content\/uploads\/2018\/07\/RU_logo.png\",\"contentUrl\":\"https:\/\/stage.ricchezzeumane.it\/wp-content\/uploads\/2018\/07\/RU_logo.png\",\"width\":397,\"height\":67,\"caption\":\"Ricchezze Umane - Corrado Docente & Co. S.a.s.\"},\"image\":{\"@id\":\"https:\/\/stage.ricchezzeumane.it\/#\/schema\/logo\/image\/\"},\"sameAs\":[\"https:\/\/www.linkedin.com\/in\/corrado-docente-93668814\/\"]}]}<\/script>\n<!-- \/ Yoast SEO plugin. -->","yoast_head_json":{"title":"Il maggiordomo, l'ostetrica e il samurai &#8226; Ricchezze Umane","robots":{"index":"index","follow":"follow","max-snippet":"max-snippet:-1","max-image-preview":"max-image-preview:large","max-video-preview":"max-video-preview:-1"},"canonical":"https:\/\/stage.ricchezzeumane.it\/en\/il-maggiordomo-lostetrica-e-il-samurai\/","og_locale":"en_US","og_type":"article","og_title":"Il maggiordomo, l'ostetrica e il samurai &#8226; Ricchezze Umane","og_description":"Il Maggiordomo, l'Ostetrica e il Samurai Storia di un manager e del suo destino al lavoro&nbsp; &nbsp;Nella prima parte del libro, Ruggero \u00e8 l'amministratore delegato di una societ\u00e0, un manager di successo all'apice della sua carriera. L'incontro con un cancro e con un coach gli ribalter\u00e0 come un calzino l'intera esistenza; il destino gioca spesso [&hellip;]","og_url":"https:\/\/stage.ricchezzeumane.it\/en\/il-maggiordomo-lostetrica-e-il-samurai\/","og_site_name":"Ricchezze Umane","article_modified_time":"2020-11-18T16:09:24+00:00","og_image":[{"width":778,"height":520,"url":"https:\/\/stage.ricchezzeumane.it\/wp-content\/uploads\/2019\/06\/3-Talento-e-Compito-Evolutivo.jpg","type":"image\/jpeg"}],"twitter_card":"summary_large_image","twitter_misc":{"Est. reading time":"2 minutes"},"schema":{"@context":"https:\/\/schema.org","@graph":[{"@type":"WebPage","@id":"https:\/\/stage.ricchezzeumane.it\/en\/il-maggiordomo-lostetrica-e-il-samurai\/","url":"https:\/\/stage.ricchezzeumane.it\/en\/il-maggiordomo-lostetrica-e-il-samurai\/","name":"Il maggiordomo, l'ostetrica e il samurai &#8226; Ricchezze Umane","isPartOf":{"@id":"https:\/\/stage.ricchezzeumane.it\/#website"},"datePublished":"2020-11-18T16:04:41+00:00","dateModified":"2020-11-18T16:09:24+00:00","breadcrumb":{"@id":"https:\/\/stage.ricchezzeumane.it\/en\/il-maggiordomo-lostetrica-e-il-samurai\/#breadcrumb"},"inLanguage":"en-US","potentialAction":[{"@type":"ReadAction","target":["https:\/\/stage.ricchezzeumane.it\/en\/il-maggiordomo-lostetrica-e-il-samurai\/"]}]},{"@type":"BreadcrumbList","@id":"https:\/\/stage.ricchezzeumane.it\/en\/il-maggiordomo-lostetrica-e-il-samurai\/#breadcrumb","itemListElement":[{"@type":"ListItem","position":1,"name":"Home","item":"https:\/\/stage.ricchezzeumane.it\/en\/home\/"},{"@type":"ListItem","position":2,"name":"Il maggiordomo, l&#8217;ostetrica e il samurai"}]},{"@type":"WebSite","@id":"https:\/\/stage.ricchezzeumane.it\/#website","url":"https:\/\/stage.ricchezzeumane.it\/","name":"Ricchezze Umane","description":"Facilitatori del cambiamento","publisher":{"@id":"https:\/\/stage.ricchezzeumane.it\/#organization"},"potentialAction":[{"@type":"SearchAction","target":{"@type":"EntryPoint","urlTemplate":"https:\/\/stage.ricchezzeumane.it\/?s={search_term_string}"},"query-input":{"@type":"PropertyValueSpecification","valueRequired":true,"valueName":"search_term_string"}}],"inLanguage":"en-US"},{"@type":"Organization","@id":"https:\/\/stage.ricchezzeumane.it\/#organization","name":"Ricchezze Umane - Corrado Docente & Co. S.a.s.","url":"https:\/\/stage.ricchezzeumane.it\/","logo":{"@type":"ImageObject","inLanguage":"en-US","@id":"https:\/\/stage.ricchezzeumane.it\/#\/schema\/logo\/image\/","url":"https:\/\/stage.ricchezzeumane.it\/wp-content\/uploads\/2018\/07\/RU_logo.png","contentUrl":"https:\/\/stage.ricchezzeumane.it\/wp-content\/uploads\/2018\/07\/RU_logo.png","width":397,"height":67,"caption":"Ricchezze Umane - Corrado Docente & Co. S.a.s."},"image":{"@id":"https:\/\/stage.ricchezzeumane.it\/#\/schema\/logo\/image\/"},"sameAs":["https:\/\/www.linkedin.com\/in\/corrado-docente-93668814\/"]}]}},"_links":{"self":[{"href":"https:\/\/stage.ricchezzeumane.it\/en\/wp-json\/wp\/v2\/pages\/7597","targetHints":{"allow":["GET"]}}],"collection":[{"href":"https:\/\/stage.ricchezzeumane.it\/en\/wp-json\/wp\/v2\/pages"}],"about":[{"href":"https:\/\/stage.ricchezzeumane.it\/en\/wp-json\/wp\/v2\/types\/page"}],"author":[{"embeddable":true,"href":"https:\/\/stage.ricchezzeumane.it\/en\/wp-json\/wp\/v2\/users\/5"}],"replies":[{"embeddable":true,"href":"https:\/\/stage.ricchezzeumane.it\/en\/wp-json\/wp\/v2\/comments?post=7597"}],"version-history":[{"count":0,"href":"https:\/\/stage.ricchezzeumane.it\/en\/wp-json\/wp\/v2\/pages\/7597\/revisions"}],"wp:attachment":[{"href":"https:\/\/stage.ricchezzeumane.it\/en\/wp-json\/wp\/v2\/media?parent=7597"}],"curies":[{"name":"wp","href":"https:\/\/api.w.org\/{rel}","templated":true}]}}